{"id":632,"date":"2026-01-08T16:49:53","date_gmt":"2026-01-08T16:49:53","guid":{"rendered":"https:\/\/exoora.comercioperemaria.com\/?post_type=product&#038;p=632"},"modified":"2026-01-09T14:56:52","modified_gmt":"2026-01-09T14:56:52","slug":"taza-exoora","status":"publish","type":"product","link":"https:\/\/exoora.comercioperemaria.com\/en\/product\/taza-exoora\/","title":{"rendered":"Taza EXOORA"},"content":{"rendered":"<p>Taza de dise\u00f1o sencillo y elegante para uso diario en casa o en la oficina para disfrutar de tu t\u00e9 o caf\u00e9 ma\u00f1anero. Fabricada con cer\u00e1mica de alta calidad, ofreciendo una excelente resistencias a las altas temperaturas y al uso diario.<\/p>\n<h3 data-start=\"649\" data-end=\"669\">Caracter\u00edsticas:<\/h3>\n<ul data-start=\"670\" data-end=\"859\">\n<li data-start=\"670\" data-end=\"687\">\n<p data-start=\"672\" data-end=\"687\">Color: Blanco<\/p>\n<\/li>\n<li data-start=\"688\" data-end=\"726\">\n<p data-start=\"690\" data-end=\"726\">Material: Cer\u00e1mica de alta calidad<\/p>\n<\/li>\n<li data-start=\"727\" data-end=\"756\">\n<p data-start=\"729\" data-end=\"756\">Capacidad: 330 ml (11 oz)<\/p>\n<\/li>\n<li data-start=\"757\" data-end=\"780\">\n<p data-start=\"759\" data-end=\"780\">Logo EXOORA impreso<\/p>\n<\/li>\n<li data-start=\"781\" data-end=\"805\">\n<p data-start=\"783\" data-end=\"805\">Apta para microondas<\/p>\n<\/li>\n<li data-start=\"806\" data-end=\"832\">\n<p data-start=\"808\" data-end=\"832\">Apta para lavavajillas<\/p>\n<\/li>\n<li data-start=\"833\" data-end=\"859\">\n<p data-start=\"835\" data-end=\"859\">Uso diario y profesional<\/p>\n<\/li>\n<\/ul>","protected":false},"excerpt":{"rendered":"<p>Taza de dise\u00f1o sencillo y elegante para uso diario en casa o en la oficina para disfrutar de tu t\u00e9 o caf\u00e9 ma\u00f1anero.<\/p>","protected":false},"featured_media":631,"comment_status":"closed","ping_status":"closed","template":"","meta":[],"product_brand":[],"product_cat":[17,32],"product_tag":[],"class_list":{"0":"post-632","1":"product","2":"type-product","3":"status-publish","4":"has-post-thumbnail","6":"product_cat-todos","7":"product_cat-accessorios","9":"first","10":"instock","11":"taxable","12":"shipping-taxable","13":"purchasable","14":"product-type-simple"},"yoast_head":"<!-- This site is optimized with the Yoast SEO plugin v26.9 - https:\/\/yoast.com\/product\/yoast-seo-wordpress\/ -->\n<title>Taza EXOORA - EXOORA<\/title>\n<meta name=\"robots\" content=\"index, follow, max-snippet:-1, max-image-preview:large, max-video-preview:-1\" \/>\n<link rel=\"canonical\" href=\"https:\/\/exoora.comercioperemaria.com\/en\/product\/taza-exoora\/\" \/>\n<meta property=\"og:locale\" content=\"en_GB\" \/>\n<meta property=\"og:type\" content=\"article\" \/>\n<meta property=\"og:title\" content=\"Taza EXOORA - EXOORA\" \/>\n<meta property=\"og:description\" content=\"Taza de dise\u00f1o sencillo y elegante para uso diario en casa o en la oficina para disfrutar de tu t\u00e9 o caf\u00e9 ma\u00f1anero.\" \/>\n<meta property=\"og:url\" content=\"https:\/\/exoora.comercioperemaria.com\/en\/product\/taza-exoora\/\" \/>\n<meta property=\"og:site_name\" content=\"EXOORA\" \/>\n<meta property=\"article:modified_time\" content=\"2026-01-09T14:56:52+00:00\" \/>\n<meta property=\"og:image\" content=\"https:\/\/exoora.comercioperemaria.com\/wp-content\/uploads\/2026\/01\/20260107_2050_Taza-con-Logo_remix_01ked04pwfee5b13nppar3d8py.png\" \/>\n\t<meta property=\"og:image:width\" content=\"1536\" \/>\n\t<meta property=\"og:image:height\" content=\"1024\" \/>\n\t<meta property=\"og:image:type\" content=\"image\/png\" \/>\n<meta name=\"twitter:card\" content=\"summary_large_image\" \/>\n<meta name=\"twitter:label1\" content=\"Estimated reading time\" \/>\n\t<meta name=\"twitter:data1\" content=\"1 minute\" \/>\n<script type=\"application\/ld+json\" class=\"yoast-schema-graph\">{\"@context\":\"https:\/\/schema.org\",\"@graph\":[{\"@type\":\"WebPage\",\"@id\":\"https:\/\/exoora.comercioperemaria.com\/product\/taza-exoora\/\",\"url\":\"https:\/\/exoora.comercioperemaria.com\/product\/taza-exoora\/\",\"name\":\"Taza EXOORA - EXOORA\",\"isPartOf\":{\"@id\":\"https:\/\/exoora.comercioperemaria.com\/#website\"},\"primaryImageOfPage\":{\"@id\":\"https:\/\/exoora.comercioperemaria.com\/product\/taza-exoora\/#primaryimage\"},\"image\":{\"@id\":\"https:\/\/exoora.comercioperemaria.com\/product\/taza-exoora\/#primaryimage\"},\"thumbnailUrl\":\"https:\/\/exoora.comercioperemaria.com\/wp-content\/uploads\/2026\/01\/20260107_2050_Taza-con-Logo_remix_01ked04pwfee5b13nppar3d8py.png\",\"datePublished\":\"2026-01-08T16:49:53+00:00\",\"dateModified\":\"2026-01-09T14:56:52+00:00\",\"breadcrumb\":{\"@id\":\"https:\/\/exoora.comercioperemaria.com\/product\/taza-exoora\/#breadcrumb\"},\"inLanguage\":\"en-GB\",\"potentialAction\":[{\"@type\":\"ReadAction\",\"target\":[\"https:\/\/exoora.comercioperemaria.com\/product\/taza-exoora\/\"]}]},{\"@type\":\"ImageObject\",\"inLanguage\":\"en-GB\",\"@id\":\"https:\/\/exoora.comercioperemaria.com\/product\/taza-exoora\/#primaryimage\",\"url\":\"https:\/\/exoora.comercioperemaria.com\/wp-content\/uploads\/2026\/01\/20260107_2050_Taza-con-Logo_remix_01ked04pwfee5b13nppar3d8py.png\",\"contentUrl\":\"https:\/\/exoora.comercioperemaria.com\/wp-content\/uploads\/2026\/01\/20260107_2050_Taza-con-Logo_remix_01ked04pwfee5b13nppar3d8py.png\",\"width\":1536,\"height\":1024,\"caption\":\"SORA IA\"},{\"@type\":\"BreadcrumbList\",\"@id\":\"https:\/\/exoora.comercioperemaria.com\/product\/taza-exoora\/#breadcrumb\",\"itemListElement\":[{\"@type\":\"ListItem\",\"position\":1,\"name\":\"Portada\",\"item\":\"https:\/\/exoora.comercioperemaria.com\/\"},{\"@type\":\"ListItem\",\"position\":2,\"name\":\"Productos\",\"item\":\"https:\/\/exoora.comercioperemaria.com\/shop\/\"},{\"@type\":\"ListItem\",\"position\":3,\"name\":\"Taza EXOORA\"}]},{\"@type\":\"WebSite\",\"@id\":\"https:\/\/exoora.comercioperemaria.com\/#website\",\"url\":\"https:\/\/exoora.comercioperemaria.com\/\",\"name\":\"EXOORA\",\"description\":\"\",\"publisher\":{\"@id\":\"https:\/\/exoora.comercioperemaria.com\/#organization\"},\"potentialAction\":[{\"@type\":\"SearchAction\",\"target\":{\"@type\":\"EntryPoint\",\"urlTemplate\":\"https:\/\/exoora.comercioperemaria.com\/?s={search_term_string}\"},\"query-input\":{\"@type\":\"PropertyValueSpecification\",\"valueRequired\":true,\"valueName\":\"search_term_string\"}}],\"inLanguage\":\"en-GB\"},{\"@type\":\"Organization\",\"@id\":\"https:\/\/exoora.comercioperemaria.com\/#organization\",\"name\":\"EXOORA\",\"url\":\"https:\/\/exoora.comercioperemaria.com\/\",\"logo\":{\"@type\":\"ImageObject\",\"inLanguage\":\"en-GB\",\"@id\":\"https:\/\/exoora.comercioperemaria.com\/#\/schema\/logo\/image\/\",\"url\":\"https:\/\/exoora.comercioperemaria.com\/wp-content\/uploads\/2025\/11\/IMAGEN_LOGO_EXOORA_FINAL-removebg-preview.png\",\"contentUrl\":\"https:\/\/exoora.comercioperemaria.com\/wp-content\/uploads\/2025\/11\/IMAGEN_LOGO_EXOORA_FINAL-removebg-preview.png\",\"width\":500,\"height\":500,\"caption\":\"EXOORA\"},\"image\":{\"@id\":\"https:\/\/exoora.comercioperemaria.com\/#\/schema\/logo\/image\/\"}}]}<\/script>\n<!-- \/ Yoast SEO plugin. -->","yoast_head_json":{"title":"Taza EXOORA - EXOORA","robots":{"index":"index","follow":"follow","max-snippet":"max-snippet:-1","max-image-preview":"max-image-preview:large","max-video-preview":"max-video-preview:-1"},"canonical":"https:\/\/exoora.comercioperemaria.com\/en\/product\/taza-exoora\/","og_locale":"en_GB","og_type":"article","og_title":"Taza EXOORA - EXOORA","og_description":"Taza de dise\u00f1o sencillo y elegante para uso diario en casa o en la oficina para disfrutar de tu t\u00e9 o caf\u00e9 ma\u00f1anero.","og_url":"https:\/\/exoora.comercioperemaria.com\/en\/product\/taza-exoora\/","og_site_name":"EXOORA","article_modified_time":"2026-01-09T14:56:52+00:00","og_image":[{"width":1536,"height":1024,"url":"https:\/\/exoora.comercioperemaria.com\/wp-content\/uploads\/2026\/01\/20260107_2050_Taza-con-Logo_remix_01ked04pwfee5b13nppar3d8py.png","type":"image\/png"}],"twitter_card":"summary_large_image","twitter_misc":{"Estimated reading time":"1 minute"},"schema":{"@context":"https:\/\/schema.org","@graph":[{"@type":"WebPage","@id":"https:\/\/exoora.comercioperemaria.com\/product\/taza-exoora\/","url":"https:\/\/exoora.comercioperemaria.com\/product\/taza-exoora\/","name":"Taza EXOORA - EXOORA","isPartOf":{"@id":"https:\/\/exoora.comercioperemaria.com\/#website"},"primaryImageOfPage":{"@id":"https:\/\/exoora.comercioperemaria.com\/product\/taza-exoora\/#primaryimage"},"image":{"@id":"https:\/\/exoora.comercioperemaria.com\/product\/taza-exoora\/#primaryimage"},"thumbnailUrl":"https:\/\/exoora.comercioperemaria.com\/wp-content\/uploads\/2026\/01\/20260107_2050_Taza-con-Logo_remix_01ked04pwfee5b13nppar3d8py.png","datePublished":"2026-01-08T16:49:53+00:00","dateModified":"2026-01-09T14:56:52+00:00","breadcrumb":{"@id":"https:\/\/exoora.comercioperemaria.com\/product\/taza-exoora\/#breadcrumb"},"inLanguage":"en-GB","potentialAction":[{"@type":"ReadAction","target":["https:\/\/exoora.comercioperemaria.com\/product\/taza-exoora\/"]}]},{"@type":"ImageObject","inLanguage":"en-GB","@id":"https:\/\/exoora.comercioperemaria.com\/product\/taza-exoora\/#primaryimage","url":"https:\/\/exoora.comercioperemaria.com\/wp-content\/uploads\/2026\/01\/20260107_2050_Taza-con-Logo_remix_01ked04pwfee5b13nppar3d8py.png","contentUrl":"https:\/\/exoora.comercioperemaria.com\/wp-content\/uploads\/2026\/01\/20260107_2050_Taza-con-Logo_remix_01ked04pwfee5b13nppar3d8py.png","width":1536,"height":1024,"caption":"SORA IA"},{"@type":"BreadcrumbList","@id":"https:\/\/exoora.comercioperemaria.com\/product\/taza-exoora\/#breadcrumb","itemListElement":[{"@type":"ListItem","position":1,"name":"Portada","item":"https:\/\/exoora.comercioperemaria.com\/"},{"@type":"ListItem","position":2,"name":"Productos","item":"https:\/\/exoora.comercioperemaria.com\/shop\/"},{"@type":"ListItem","position":3,"name":"Taza EXOORA"}]},{"@type":"WebSite","@id":"https:\/\/exoora.comercioperemaria.com\/#website","url":"https:\/\/exoora.comercioperemaria.com\/","name":"EXOORA","description":"","publisher":{"@id":"https:\/\/exoora.comercioperemaria.com\/#organization"},"potentialAction":[{"@type":"SearchAction","target":{"@type":"EntryPoint","urlTemplate":"https:\/\/exoora.comercioperemaria.com\/?s={search_term_string}"},"query-input":{"@type":"PropertyValueSpecification","valueRequired":true,"valueName":"search_term_string"}}],"inLanguage":"en-GB"},{"@type":"Organization","@id":"https:\/\/exoora.comercioperemaria.com\/#organization","name":"EXOORA","url":"https:\/\/exoora.comercioperemaria.com\/","logo":{"@type":"ImageObject","inLanguage":"en-GB","@id":"https:\/\/exoora.comercioperemaria.com\/#\/schema\/logo\/image\/","url":"https:\/\/exoora.comercioperemaria.com\/wp-content\/uploads\/2025\/11\/IMAGEN_LOGO_EXOORA_FINAL-removebg-preview.png","contentUrl":"https:\/\/exoora.comercioperemaria.com\/wp-content\/uploads\/2025\/11\/IMAGEN_LOGO_EXOORA_FINAL-removebg-preview.png","width":500,"height":500,"caption":"EXOORA"},"image":{"@id":"https:\/\/exoora.comercioperemaria.com\/#\/schema\/logo\/image\/"}}]}},"_links":{"self":[{"href":"https:\/\/exoora.comercioperemaria.com\/en\/wp-json\/wp\/v2\/product\/632","targetHints":{"allow":["GET"]}}],"collection":[{"href":"https:\/\/exoora.comercioperemaria.com\/en\/wp-json\/wp\/v2\/product"}],"about":[{"href":"https:\/\/exoora.comercioperemaria.com\/en\/wp-json\/wp\/v2\/types\/product"}],"replies":[{"embeddable":true,"href":"https:\/\/exoora.comercioperemaria.com\/en\/wp-json\/wp\/v2\/comments?post=632"}],"wp:featuredmedia":[{"embeddable":true,"href":"https:\/\/exoora.comercioperemaria.com\/en\/wp-json\/wp\/v2\/media\/631"}],"wp:attachment":[{"href":"https:\/\/exoora.comercioperemaria.com\/en\/wp-json\/wp\/v2\/media?parent=632"}],"wp:term":[{"taxonomy":"product_brand","embeddable":true,"href":"https:\/\/exoora.comercioperemaria.com\/en\/wp-json\/wp\/v2\/product_brand?post=632"},{"taxonomy":"product_cat","embeddable":true,"href":"https:\/\/exoora.comercioperemaria.com\/en\/wp-json\/wp\/v2\/product_cat?post=632"},{"taxonomy":"product_tag","embeddable":true,"href":"https:\/\/exoora.comercioperemaria.com\/en\/wp-json\/wp\/v2\/product_tag?post=632"}],"curies":[{"name":"wp","href":"https:\/\/api.w.org\/{rel}","templated":true}]}}