{"id":628,"date":"2026-01-07T19:49:34","date_gmt":"2026-01-07T19:49:34","guid":{"rendered":"https:\/\/exoora.comercioperemaria.com\/?post_type=product&#038;p=628"},"modified":"2026-01-09T14:57:22","modified_gmt":"2026-01-09T14:57:22","slug":"628","status":"publish","type":"product","link":"https:\/\/exoora.comercioperemaria.com\/en\/product\/628\/","title":{"rendered":"Mochila EXOORA"},"content":{"rendered":"<p>Mochila EXOORA de color negro, dise\u00f1ada para el uso del d\u00eda a d\u00eda para combinar funcionalidad, comodidad e imagen de marca. Su dise\u00f1o minimalista y moderno la convierte en una opci\u00f3n ideal tanto para el trabajo como para el ocio o desplazamiento urbanos.<\/p>\n<p>Fabricada con materiales ligeros y resistentes, ofreciendo un amplio espacio interior para transportar objetos personales, port\u00e1tiles o material de trabajo.<\/p>\n<p data-start=\"795\" data-end=\"885\">Perfecta como mochila corporativa, merchandising o complemento pr\u00e1ctico para el d\u00eda a d\u00eda.<\/p>\n<h3 data-start=\"887\" data-end=\"907\">Caracter\u00edsticas:<\/h3>\n<ul data-start=\"908\" data-end=\"1134\">\n<li data-start=\"908\" data-end=\"924\">\n<p data-start=\"910\" data-end=\"924\">Color: Negro<\/p>\n<\/li>\n<li data-start=\"925\" data-end=\"967\">\n<p data-start=\"927\" data-end=\"967\">Material: Tejido resistente y duradero<\/p>\n<\/li>\n<li data-start=\"968\" data-end=\"998\">\n<p data-start=\"970\" data-end=\"998\">Dise\u00f1o moderno y funcional<\/p>\n<\/li>\n<li data-start=\"999\" data-end=\"1024\">\n<p data-start=\"1001\" data-end=\"1024\">Logo EXOORA estampado<\/p>\n<\/li>\n<li data-start=\"1025\" data-end=\"1059\">\n<p data-start=\"1027\" data-end=\"1059\">Compartimento principal amplio<\/p>\n<\/li>\n<li data-start=\"1060\" data-end=\"1100\">\n<p data-start=\"1062\" data-end=\"1100\">Asas ajustables para mayor comodidad<\/p>\n<\/li>\n<li data-start=\"1101\" data-end=\"1134\">\n<p data-start=\"1103\" data-end=\"1134\">Ligera y c\u00f3moda para uso diario<\/p>\n<\/li>\n<\/ul>","protected":false},"excerpt":{"rendered":"<p>Mochila EXOORA de color negro, dise\u00f1ada para el uso del d\u00eda a d\u00eda para combinar funcionalidad, comodidad e imagen de marca. Su dise\u00f1o minimalista y moderno la convierte en una opci\u00f3n ideal tanto para el trabajo como para el ocio o desplazamiento urbanos.<\/p>","protected":false},"featured_media":629,"comment_status":"open","ping_status":"closed","template":"","meta":[],"product_brand":[],"product_cat":[17,32],"product_tag":[],"class_list":{"0":"post-628","1":"product","2":"type-product","3":"status-publish","4":"has-post-thumbnail","6":"product_cat-todos","7":"product_cat-accessorios","9":"first","10":"instock","11":"taxable","12":"shipping-taxable","13":"purchasable","14":"product-type-simple"},"yoast_head":"<!-- This site is optimized with the Yoast SEO plugin v26.9 - https:\/\/yoast.com\/product\/yoast-seo-wordpress\/ -->\n<title>Mochila EXOORA - EXOORA<\/title>\n<meta name=\"robots\" content=\"index, follow, max-snippet:-1, max-image-preview:large, max-video-preview:-1\" \/>\n<link rel=\"canonical\" href=\"https:\/\/exoora.comercioperemaria.com\/en\/product\/628\/\" \/>\n<meta property=\"og:locale\" content=\"en_GB\" \/>\n<meta property=\"og:type\" content=\"article\" \/>\n<meta property=\"og:title\" content=\"Mochila EXOORA - EXOORA\" \/>\n<meta property=\"og:description\" content=\"Mochila EXOORA de color negro, dise\u00f1ada para el uso del d\u00eda a d\u00eda para combinar funcionalidad, comodidad e imagen de marca. Su dise\u00f1o minimalista y moderno la convierte en una opci\u00f3n ideal tanto para el trabajo como para el ocio o desplazamiento urbanos.\" \/>\n<meta property=\"og:url\" content=\"https:\/\/exoora.comercioperemaria.com\/en\/product\/628\/\" \/>\n<meta property=\"og:site_name\" content=\"EXOORA\" \/>\n<meta property=\"article:modified_time\" content=\"2026-01-09T14:57:22+00:00\" \/>\n<meta property=\"og:image\" content=\"https:\/\/exoora.comercioperemaria.com\/wp-content\/uploads\/2026\/01\/20260107_2005_Mochila-con-Logo-Verde_remix_01kecxgjqgeg6bcd9d60vhqx59-1024x683.png\" \/>\n\t<meta property=\"og:image:width\" content=\"1024\" \/>\n\t<meta property=\"og:image:height\" content=\"683\" \/>\n\t<meta property=\"og:image:type\" content=\"image\/png\" \/>\n<meta name=\"twitter:card\" content=\"summary_large_image\" \/>\n<meta name=\"twitter:label1\" content=\"Estimated reading time\" \/>\n\t<meta name=\"twitter:data1\" content=\"1 minute\" \/>\n<script type=\"application\/ld+json\" class=\"yoast-schema-graph\">{\"@context\":\"https:\/\/schema.org\",\"@graph\":[{\"@type\":\"WebPage\",\"@id\":\"https:\/\/exoora.comercioperemaria.com\/product\/628\/\",\"url\":\"https:\/\/exoora.comercioperemaria.com\/product\/628\/\",\"name\":\"Mochila EXOORA - EXOORA\",\"isPartOf\":{\"@id\":\"https:\/\/exoora.comercioperemaria.com\/#website\"},\"primaryImageOfPage\":{\"@id\":\"https:\/\/exoora.comercioperemaria.com\/product\/628\/#primaryimage\"},\"image\":{\"@id\":\"https:\/\/exoora.comercioperemaria.com\/product\/628\/#primaryimage\"},\"thumbnailUrl\":\"https:\/\/exoora.comercioperemaria.com\/wp-content\/uploads\/2026\/01\/20260107_2005_Mochila-con-Logo-Verde_remix_01kecxgjqgeg6bcd9d60vhqx59.png\",\"datePublished\":\"2026-01-07T19:49:34+00:00\",\"dateModified\":\"2026-01-09T14:57:22+00:00\",\"breadcrumb\":{\"@id\":\"https:\/\/exoora.comercioperemaria.com\/product\/628\/#breadcrumb\"},\"inLanguage\":\"en-GB\",\"potentialAction\":[{\"@type\":\"ReadAction\",\"target\":[\"https:\/\/exoora.comercioperemaria.com\/product\/628\/\"]}]},{\"@type\":\"ImageObject\",\"inLanguage\":\"en-GB\",\"@id\":\"https:\/\/exoora.comercioperemaria.com\/product\/628\/#primaryimage\",\"url\":\"https:\/\/exoora.comercioperemaria.com\/wp-content\/uploads\/2026\/01\/20260107_2005_Mochila-con-Logo-Verde_remix_01kecxgjqgeg6bcd9d60vhqx59.png\",\"contentUrl\":\"https:\/\/exoora.comercioperemaria.com\/wp-content\/uploads\/2026\/01\/20260107_2005_Mochila-con-Logo-Verde_remix_01kecxgjqgeg6bcd9d60vhqx59.png\",\"width\":1536,\"height\":1024,\"caption\":\"SORA IA\"},{\"@type\":\"BreadcrumbList\",\"@id\":\"https:\/\/exoora.comercioperemaria.com\/product\/628\/#breadcrumb\",\"itemListElement\":[{\"@type\":\"ListItem\",\"position\":1,\"name\":\"Portada\",\"item\":\"https:\/\/exoora.comercioperemaria.com\/\"},{\"@type\":\"ListItem\",\"position\":2,\"name\":\"Productos\",\"item\":\"https:\/\/exoora.comercioperemaria.com\/shop\/\"},{\"@type\":\"ListItem\",\"position\":3,\"name\":\"Mochila EXOORA\"}]},{\"@type\":\"WebSite\",\"@id\":\"https:\/\/exoora.comercioperemaria.com\/#website\",\"url\":\"https:\/\/exoora.comercioperemaria.com\/\",\"name\":\"EXOORA\",\"description\":\"\",\"publisher\":{\"@id\":\"https:\/\/exoora.comercioperemaria.com\/#organization\"},\"potentialAction\":[{\"@type\":\"SearchAction\",\"target\":{\"@type\":\"EntryPoint\",\"urlTemplate\":\"https:\/\/exoora.comercioperemaria.com\/?s={search_term_string}\"},\"query-input\":{\"@type\":\"PropertyValueSpecification\",\"valueRequired\":true,\"valueName\":\"search_term_string\"}}],\"inLanguage\":\"en-GB\"},{\"@type\":\"Organization\",\"@id\":\"https:\/\/exoora.comercioperemaria.com\/#organization\",\"name\":\"EXOORA\",\"url\":\"https:\/\/exoora.comercioperemaria.com\/\",\"logo\":{\"@type\":\"ImageObject\",\"inLanguage\":\"en-GB\",\"@id\":\"https:\/\/exoora.comercioperemaria.com\/#\/schema\/logo\/image\/\",\"url\":\"https:\/\/exoora.comercioperemaria.com\/wp-content\/uploads\/2025\/11\/IMAGEN_LOGO_EXOORA_FINAL-removebg-preview.png\",\"contentUrl\":\"https:\/\/exoora.comercioperemaria.com\/wp-content\/uploads\/2025\/11\/IMAGEN_LOGO_EXOORA_FINAL-removebg-preview.png\",\"width\":500,\"height\":500,\"caption\":\"EXOORA\"},\"image\":{\"@id\":\"https:\/\/exoora.comercioperemaria.com\/#\/schema\/logo\/image\/\"}}]}<\/script>\n<!-- \/ Yoast SEO plugin. -->","yoast_head_json":{"title":"Mochila EXOORA - EXOORA","robots":{"index":"index","follow":"follow","max-snippet":"max-snippet:-1","max-image-preview":"max-image-preview:large","max-video-preview":"max-video-preview:-1"},"canonical":"https:\/\/exoora.comercioperemaria.com\/en\/product\/628\/","og_locale":"en_GB","og_type":"article","og_title":"Mochila EXOORA - EXOORA","og_description":"Mochila EXOORA de color negro, dise\u00f1ada para el uso del d\u00eda a d\u00eda para combinar funcionalidad, comodidad e imagen de marca. Su dise\u00f1o minimalista y moderno la convierte en una opci\u00f3n ideal tanto para el trabajo como para el ocio o desplazamiento urbanos.","og_url":"https:\/\/exoora.comercioperemaria.com\/en\/product\/628\/","og_site_name":"EXOORA","article_modified_time":"2026-01-09T14:57:22+00:00","og_image":[{"width":1024,"height":683,"url":"https:\/\/exoora.comercioperemaria.com\/wp-content\/uploads\/2026\/01\/20260107_2005_Mochila-con-Logo-Verde_remix_01kecxgjqgeg6bcd9d60vhqx59-1024x683.png","type":"image\/png"}],"twitter_card":"summary_large_image","twitter_misc":{"Estimated reading time":"1 minute"},"schema":{"@context":"https:\/\/schema.org","@graph":[{"@type":"WebPage","@id":"https:\/\/exoora.comercioperemaria.com\/product\/628\/","url":"https:\/\/exoora.comercioperemaria.com\/product\/628\/","name":"Mochila EXOORA - EXOORA","isPartOf":{"@id":"https:\/\/exoora.comercioperemaria.com\/#website"},"primaryImageOfPage":{"@id":"https:\/\/exoora.comercioperemaria.com\/product\/628\/#primaryimage"},"image":{"@id":"https:\/\/exoora.comercioperemaria.com\/product\/628\/#primaryimage"},"thumbnailUrl":"https:\/\/exoora.comercioperemaria.com\/wp-content\/uploads\/2026\/01\/20260107_2005_Mochila-con-Logo-Verde_remix_01kecxgjqgeg6bcd9d60vhqx59.png","datePublished":"2026-01-07T19:49:34+00:00","dateModified":"2026-01-09T14:57:22+00:00","breadcrumb":{"@id":"https:\/\/exoora.comercioperemaria.com\/product\/628\/#breadcrumb"},"inLanguage":"en-GB","potentialAction":[{"@type":"ReadAction","target":["https:\/\/exoora.comercioperemaria.com\/product\/628\/"]}]},{"@type":"ImageObject","inLanguage":"en-GB","@id":"https:\/\/exoora.comercioperemaria.com\/product\/628\/#primaryimage","url":"https:\/\/exoora.comercioperemaria.com\/wp-content\/uploads\/2026\/01\/20260107_2005_Mochila-con-Logo-Verde_remix_01kecxgjqgeg6bcd9d60vhqx59.png","contentUrl":"https:\/\/exoora.comercioperemaria.com\/wp-content\/uploads\/2026\/01\/20260107_2005_Mochila-con-Logo-Verde_remix_01kecxgjqgeg6bcd9d60vhqx59.png","width":1536,"height":1024,"caption":"SORA IA"},{"@type":"BreadcrumbList","@id":"https:\/\/exoora.comercioperemaria.com\/product\/628\/#breadcrumb","itemListElement":[{"@type":"ListItem","position":1,"name":"Portada","item":"https:\/\/exoora.comercioperemaria.com\/"},{"@type":"ListItem","position":2,"name":"Productos","item":"https:\/\/exoora.comercioperemaria.com\/shop\/"},{"@type":"ListItem","position":3,"name":"Mochila EXOORA"}]},{"@type":"WebSite","@id":"https:\/\/exoora.comercioperemaria.com\/#website","url":"https:\/\/exoora.comercioperemaria.com\/","name":"EXOORA","description":"","publisher":{"@id":"https:\/\/exoora.comercioperemaria.com\/#organization"},"potentialAction":[{"@type":"SearchAction","target":{"@type":"EntryPoint","urlTemplate":"https:\/\/exoora.comercioperemaria.com\/?s={search_term_string}"},"query-input":{"@type":"PropertyValueSpecification","valueRequired":true,"valueName":"search_term_string"}}],"inLanguage":"en-GB"},{"@type":"Organization","@id":"https:\/\/exoora.comercioperemaria.com\/#organization","name":"EXOORA","url":"https:\/\/exoora.comercioperemaria.com\/","logo":{"@type":"ImageObject","inLanguage":"en-GB","@id":"https:\/\/exoora.comercioperemaria.com\/#\/schema\/logo\/image\/","url":"https:\/\/exoora.comercioperemaria.com\/wp-content\/uploads\/2025\/11\/IMAGEN_LOGO_EXOORA_FINAL-removebg-preview.png","contentUrl":"https:\/\/exoora.comercioperemaria.com\/wp-content\/uploads\/2025\/11\/IMAGEN_LOGO_EXOORA_FINAL-removebg-preview.png","width":500,"height":500,"caption":"EXOORA"},"image":{"@id":"https:\/\/exoora.comercioperemaria.com\/#\/schema\/logo\/image\/"}}]}},"_links":{"self":[{"href":"https:\/\/exoora.comercioperemaria.com\/en\/wp-json\/wp\/v2\/product\/628","targetHints":{"allow":["GET"]}}],"collection":[{"href":"https:\/\/exoora.comercioperemaria.com\/en\/wp-json\/wp\/v2\/product"}],"about":[{"href":"https:\/\/exoora.comercioperemaria.com\/en\/wp-json\/wp\/v2\/types\/product"}],"replies":[{"embeddable":true,"href":"https:\/\/exoora.comercioperemaria.com\/en\/wp-json\/wp\/v2\/comments?post=628"}],"wp:featuredmedia":[{"embeddable":true,"href":"https:\/\/exoora.comercioperemaria.com\/en\/wp-json\/wp\/v2\/media\/629"}],"wp:attachment":[{"href":"https:\/\/exoora.comercioperemaria.com\/en\/wp-json\/wp\/v2\/media?parent=628"}],"wp:term":[{"taxonomy":"product_brand","embeddable":true,"href":"https:\/\/exoora.comercioperemaria.com\/en\/wp-json\/wp\/v2\/product_brand?post=628"},{"taxonomy":"product_cat","embeddable":true,"href":"https:\/\/exoora.comercioperemaria.com\/en\/wp-json\/wp\/v2\/product_cat?post=628"},{"taxonomy":"product_tag","embeddable":true,"href":"https:\/\/exoora.comercioperemaria.com\/en\/wp-json\/wp\/v2\/product_tag?post=628"}],"curies":[{"name":"wp","href":"https:\/\/api.w.org\/{rel}","templated":true}]}}