{"id":625,"date":"2026-01-07T19:03:20","date_gmt":"2026-01-07T19:03:20","guid":{"rendered":"https:\/\/exoora.comercioperemaria.com\/?post_type=product&#038;p=625"},"modified":"2026-01-09T14:57:38","modified_gmt":"2026-01-09T14:57:38","slug":"camiseta-exoora","status":"publish","type":"product","link":"https:\/\/exoora.comercioperemaria.com\/en\/product\/camiseta-exoora\/","title":{"rendered":"Camiseta EXOORA"},"content":{"rendered":"<p>Camiseta blanca de dise\u00f1o simple y atractivo, ideal para el uso diario o como prenda corporativa. Tejido suave y transpirable que garantiza comodidad durante todo el d\u00eda. Su corte cl\u00e1sico se adapta f\u00e1cilmente cualquier estilo gracias al logo de la empresa aporta un toque distinto y profesional.<\/p>\n<p data-start=\"598\" data-end=\"702\">Perfecta para eventos, uniformes de trabajo o para representar la identidad de la marca en el d\u00eda a d\u00eda.<\/p>\n<h4 data-start=\"704\" data-end=\"725\">Caracter\u00edsticas:<\/h4>\n<ul data-start=\"726\" data-end=\"902\">\n<li data-start=\"726\" data-end=\"743\">\n<p data-start=\"728\" data-end=\"743\">Color: Blanco<\/p>\n<\/li>\n<li data-start=\"744\" data-end=\"781\">\n<p data-start=\"746\" data-end=\"781\">Material: Algod\u00f3n de alta calidad<\/p>\n<\/li>\n<li data-start=\"782\" data-end=\"809\">\n<p data-start=\"784\" data-end=\"809\">Corte: Cl\u00e1sico \/ unisex<\/p>\n<\/li>\n<li data-start=\"810\" data-end=\"840\">\n<p data-start=\"812\" data-end=\"840\">Logo corporativo estampado<\/p>\n<\/li>\n<li data-start=\"841\" data-end=\"871\">\n<p data-start=\"843\" data-end=\"871\">Tejido c\u00f3modo y resistente<\/p>\n<\/li>\n<li data-start=\"872\" data-end=\"902\">\n<p data-start=\"874\" data-end=\"902\">F\u00e1cil mantenimiento y lavado<\/p>\n<\/li>\n<\/ul>","protected":false},"excerpt":{"rendered":"<p>Camiseta blanca de dise\u00f1o simple y atractivo, ideal para el uso diario o como prenda corporativa. Tejido suave y transpirable que garantiza comodidad durante todo el d\u00eda.<\/p>","protected":false},"featured_media":626,"comment_status":"closed","ping_status":"closed","template":"","meta":[],"product_brand":[],"product_cat":[17,31],"product_tag":[],"class_list":{"0":"post-625","1":"product","2":"type-product","3":"status-publish","4":"has-post-thumbnail","6":"product_cat-todos","7":"product_cat-ropa","9":"first","10":"instock","11":"taxable","12":"shipping-taxable","13":"purchasable","14":"product-type-variable"},"yoast_head":"<!-- This site is optimized with the Yoast SEO plugin v26.9 - https:\/\/yoast.com\/product\/yoast-seo-wordpress\/ -->\n<title>Camiseta EXOORA - EXOORA<\/title>\n<meta name=\"robots\" content=\"index, follow, max-snippet:-1, max-image-preview:large, max-video-preview:-1\" \/>\n<link rel=\"canonical\" href=\"https:\/\/exoora.comercioperemaria.com\/en\/product\/camiseta-exoora\/\" \/>\n<meta property=\"og:locale\" content=\"en_GB\" \/>\n<meta property=\"og:type\" content=\"article\" \/>\n<meta property=\"og:title\" content=\"Camiseta EXOORA - EXOORA\" \/>\n<meta property=\"og:description\" content=\"Camiseta blanca de dise\u00f1o simple y atractivo, ideal para el uso diario o como prenda corporativa. Tejido suave y transpirable que garantiza comodidad durante todo el d\u00eda.\" \/>\n<meta property=\"og:url\" content=\"https:\/\/exoora.comercioperemaria.com\/en\/product\/camiseta-exoora\/\" \/>\n<meta property=\"og:site_name\" content=\"EXOORA\" \/>\n<meta property=\"article:modified_time\" content=\"2026-01-09T14:57:38+00:00\" \/>\n<meta property=\"og:image\" content=\"https:\/\/exoora.comercioperemaria.com\/wp-content\/uploads\/2026\/01\/20260107_1931_Camiseta-Logotipo-Exoora_remix_01kecvkybpfg69vpcj290akvth.png\" \/>\n\t<meta property=\"og:image:width\" content=\"1536\" \/>\n\t<meta property=\"og:image:height\" content=\"1024\" \/>\n\t<meta property=\"og:image:type\" content=\"image\/png\" \/>\n<meta name=\"twitter:card\" content=\"summary_large_image\" \/>\n<meta name=\"twitter:label1\" content=\"Estimated reading time\" \/>\n\t<meta name=\"twitter:data1\" content=\"1 minute\" \/>\n<script type=\"application\/ld+json\" class=\"yoast-schema-graph\">{\"@context\":\"https:\/\/schema.org\",\"@graph\":[{\"@type\":\"WebPage\",\"@id\":\"https:\/\/exoora.comercioperemaria.com\/product\/camiseta-exoora\/\",\"url\":\"https:\/\/exoora.comercioperemaria.com\/product\/camiseta-exoora\/\",\"name\":\"Camiseta EXOORA - EXOORA\",\"isPartOf\":{\"@id\":\"https:\/\/exoora.comercioperemaria.com\/#website\"},\"primaryImageOfPage\":{\"@id\":\"https:\/\/exoora.comercioperemaria.com\/product\/camiseta-exoora\/#primaryimage\"},\"image\":{\"@id\":\"https:\/\/exoora.comercioperemaria.com\/product\/camiseta-exoora\/#primaryimage\"},\"thumbnailUrl\":\"https:\/\/exoora.comercioperemaria.com\/wp-content\/uploads\/2026\/01\/20260107_1931_Camiseta-Logotipo-Exoora_remix_01kecvkybpfg69vpcj290akvth.png\",\"datePublished\":\"2026-01-07T19:03:20+00:00\",\"dateModified\":\"2026-01-09T14:57:38+00:00\",\"breadcrumb\":{\"@id\":\"https:\/\/exoora.comercioperemaria.com\/product\/camiseta-exoora\/#breadcrumb\"},\"inLanguage\":\"en-GB\",\"potentialAction\":[{\"@type\":\"ReadAction\",\"target\":[\"https:\/\/exoora.comercioperemaria.com\/product\/camiseta-exoora\/\"]}]},{\"@type\":\"ImageObject\",\"inLanguage\":\"en-GB\",\"@id\":\"https:\/\/exoora.comercioperemaria.com\/product\/camiseta-exoora\/#primaryimage\",\"url\":\"https:\/\/exoora.comercioperemaria.com\/wp-content\/uploads\/2026\/01\/20260107_1931_Camiseta-Logotipo-Exoora_remix_01kecvkybpfg69vpcj290akvth.png\",\"contentUrl\":\"https:\/\/exoora.comercioperemaria.com\/wp-content\/uploads\/2026\/01\/20260107_1931_Camiseta-Logotipo-Exoora_remix_01kecvkybpfg69vpcj290akvth.png\",\"width\":1536,\"height\":1024,\"caption\":\"IA SORA\"},{\"@type\":\"BreadcrumbList\",\"@id\":\"https:\/\/exoora.comercioperemaria.com\/product\/camiseta-exoora\/#breadcrumb\",\"itemListElement\":[{\"@type\":\"ListItem\",\"position\":1,\"name\":\"Portada\",\"item\":\"https:\/\/exoora.comercioperemaria.com\/\"},{\"@type\":\"ListItem\",\"position\":2,\"name\":\"Productos\",\"item\":\"https:\/\/exoora.comercioperemaria.com\/shop\/\"},{\"@type\":\"ListItem\",\"position\":3,\"name\":\"Camiseta EXOORA\"}]},{\"@type\":\"WebSite\",\"@id\":\"https:\/\/exoora.comercioperemaria.com\/#website\",\"url\":\"https:\/\/exoora.comercioperemaria.com\/\",\"name\":\"EXOORA\",\"description\":\"\",\"publisher\":{\"@id\":\"https:\/\/exoora.comercioperemaria.com\/#organization\"},\"potentialAction\":[{\"@type\":\"SearchAction\",\"target\":{\"@type\":\"EntryPoint\",\"urlTemplate\":\"https:\/\/exoora.comercioperemaria.com\/?s={search_term_string}\"},\"query-input\":{\"@type\":\"PropertyValueSpecification\",\"valueRequired\":true,\"valueName\":\"search_term_string\"}}],\"inLanguage\":\"en-GB\"},{\"@type\":\"Organization\",\"@id\":\"https:\/\/exoora.comercioperemaria.com\/#organization\",\"name\":\"EXOORA\",\"url\":\"https:\/\/exoora.comercioperemaria.com\/\",\"logo\":{\"@type\":\"ImageObject\",\"inLanguage\":\"en-GB\",\"@id\":\"https:\/\/exoora.comercioperemaria.com\/#\/schema\/logo\/image\/\",\"url\":\"https:\/\/exoora.comercioperemaria.com\/wp-content\/uploads\/2025\/11\/IMAGEN_LOGO_EXOORA_FINAL-removebg-preview.png\",\"contentUrl\":\"https:\/\/exoora.comercioperemaria.com\/wp-content\/uploads\/2025\/11\/IMAGEN_LOGO_EXOORA_FINAL-removebg-preview.png\",\"width\":500,\"height\":500,\"caption\":\"EXOORA\"},\"image\":{\"@id\":\"https:\/\/exoora.comercioperemaria.com\/#\/schema\/logo\/image\/\"}}]}<\/script>\n<!-- \/ Yoast SEO plugin. -->","yoast_head_json":{"title":"Camiseta EXOORA - EXOORA","robots":{"index":"index","follow":"follow","max-snippet":"max-snippet:-1","max-image-preview":"max-image-preview:large","max-video-preview":"max-video-preview:-1"},"canonical":"https:\/\/exoora.comercioperemaria.com\/en\/product\/camiseta-exoora\/","og_locale":"en_GB","og_type":"article","og_title":"Camiseta EXOORA - EXOORA","og_description":"Camiseta blanca de dise\u00f1o simple y atractivo, ideal para el uso diario o como prenda corporativa. Tejido suave y transpirable que garantiza comodidad durante todo el d\u00eda.","og_url":"https:\/\/exoora.comercioperemaria.com\/en\/product\/camiseta-exoora\/","og_site_name":"EXOORA","article_modified_time":"2026-01-09T14:57:38+00:00","og_image":[{"width":1536,"height":1024,"url":"https:\/\/exoora.comercioperemaria.com\/wp-content\/uploads\/2026\/01\/20260107_1931_Camiseta-Logotipo-Exoora_remix_01kecvkybpfg69vpcj290akvth.png","type":"image\/png"}],"twitter_card":"summary_large_image","twitter_misc":{"Estimated reading time":"1 minute"},"schema":{"@context":"https:\/\/schema.org","@graph":[{"@type":"WebPage","@id":"https:\/\/exoora.comercioperemaria.com\/product\/camiseta-exoora\/","url":"https:\/\/exoora.comercioperemaria.com\/product\/camiseta-exoora\/","name":"Camiseta EXOORA - EXOORA","isPartOf":{"@id":"https:\/\/exoora.comercioperemaria.com\/#website"},"primaryImageOfPage":{"@id":"https:\/\/exoora.comercioperemaria.com\/product\/camiseta-exoora\/#primaryimage"},"image":{"@id":"https:\/\/exoora.comercioperemaria.com\/product\/camiseta-exoora\/#primaryimage"},"thumbnailUrl":"https:\/\/exoora.comercioperemaria.com\/wp-content\/uploads\/2026\/01\/20260107_1931_Camiseta-Logotipo-Exoora_remix_01kecvkybpfg69vpcj290akvth.png","datePublished":"2026-01-07T19:03:20+00:00","dateModified":"2026-01-09T14:57:38+00:00","breadcrumb":{"@id":"https:\/\/exoora.comercioperemaria.com\/product\/camiseta-exoora\/#breadcrumb"},"inLanguage":"en-GB","potentialAction":[{"@type":"ReadAction","target":["https:\/\/exoora.comercioperemaria.com\/product\/camiseta-exoora\/"]}]},{"@type":"ImageObject","inLanguage":"en-GB","@id":"https:\/\/exoora.comercioperemaria.com\/product\/camiseta-exoora\/#primaryimage","url":"https:\/\/exoora.comercioperemaria.com\/wp-content\/uploads\/2026\/01\/20260107_1931_Camiseta-Logotipo-Exoora_remix_01kecvkybpfg69vpcj290akvth.png","contentUrl":"https:\/\/exoora.comercioperemaria.com\/wp-content\/uploads\/2026\/01\/20260107_1931_Camiseta-Logotipo-Exoora_remix_01kecvkybpfg69vpcj290akvth.png","width":1536,"height":1024,"caption":"IA SORA"},{"@type":"BreadcrumbList","@id":"https:\/\/exoora.comercioperemaria.com\/product\/camiseta-exoora\/#breadcrumb","itemListElement":[{"@type":"ListItem","position":1,"name":"Portada","item":"https:\/\/exoora.comercioperemaria.com\/"},{"@type":"ListItem","position":2,"name":"Productos","item":"https:\/\/exoora.comercioperemaria.com\/shop\/"},{"@type":"ListItem","position":3,"name":"Camiseta EXOORA"}]},{"@type":"WebSite","@id":"https:\/\/exoora.comercioperemaria.com\/#website","url":"https:\/\/exoora.comercioperemaria.com\/","name":"EXOORA","description":"","publisher":{"@id":"https:\/\/exoora.comercioperemaria.com\/#organization"},"potentialAction":[{"@type":"SearchAction","target":{"@type":"EntryPoint","urlTemplate":"https:\/\/exoora.comercioperemaria.com\/?s={search_term_string}"},"query-input":{"@type":"PropertyValueSpecification","valueRequired":true,"valueName":"search_term_string"}}],"inLanguage":"en-GB"},{"@type":"Organization","@id":"https:\/\/exoora.comercioperemaria.com\/#organization","name":"EXOORA","url":"https:\/\/exoora.comercioperemaria.com\/","logo":{"@type":"ImageObject","inLanguage":"en-GB","@id":"https:\/\/exoora.comercioperemaria.com\/#\/schema\/logo\/image\/","url":"https:\/\/exoora.comercioperemaria.com\/wp-content\/uploads\/2025\/11\/IMAGEN_LOGO_EXOORA_FINAL-removebg-preview.png","contentUrl":"https:\/\/exoora.comercioperemaria.com\/wp-content\/uploads\/2025\/11\/IMAGEN_LOGO_EXOORA_FINAL-removebg-preview.png","width":500,"height":500,"caption":"EXOORA"},"image":{"@id":"https:\/\/exoora.comercioperemaria.com\/#\/schema\/logo\/image\/"}}]}},"_links":{"self":[{"href":"https:\/\/exoora.comercioperemaria.com\/en\/wp-json\/wp\/v2\/product\/625","targetHints":{"allow":["GET"]}}],"collection":[{"href":"https:\/\/exoora.comercioperemaria.com\/en\/wp-json\/wp\/v2\/product"}],"about":[{"href":"https:\/\/exoora.comercioperemaria.com\/en\/wp-json\/wp\/v2\/types\/product"}],"replies":[{"embeddable":true,"href":"https:\/\/exoora.comercioperemaria.com\/en\/wp-json\/wp\/v2\/comments?post=625"}],"wp:featuredmedia":[{"embeddable":true,"href":"https:\/\/exoora.comercioperemaria.com\/en\/wp-json\/wp\/v2\/media\/626"}],"wp:attachment":[{"href":"https:\/\/exoora.comercioperemaria.com\/en\/wp-json\/wp\/v2\/media?parent=625"}],"wp:term":[{"taxonomy":"product_brand","embeddable":true,"href":"https:\/\/exoora.comercioperemaria.com\/en\/wp-json\/wp\/v2\/product_brand?post=625"},{"taxonomy":"product_cat","embeddable":true,"href":"https:\/\/exoora.comercioperemaria.com\/en\/wp-json\/wp\/v2\/product_cat?post=625"},{"taxonomy":"product_tag","embeddable":true,"href":"https:\/\/exoora.comercioperemaria.com\/en\/wp-json\/wp\/v2\/product_tag?post=625"}],"curies":[{"name":"wp","href":"https:\/\/api.w.org\/{rel}","templated":true}]}}